{"id":1633,"date":"2016-09-07T11:02:52","date_gmt":"2016-09-07T18:02:52","guid":{"rendered":"http:\/\/www.alexandremagnin.com\/main\/fr\/?page_id=1633"},"modified":"2016-09-07T11:11:58","modified_gmt":"2016-09-07T18:11:58","slug":"sarah-brooks","status":"publish","type":"page","link":"https:\/\/www.alexandremagnin.com\/main\/fr\/sarah-brooks\/","title":{"rendered":"Sarah Brooks"},"content":{"rendered":"[vc_row type=\u00a0\u00bbin_container\u00a0\u00bb full_screen_row_position=\u00a0\u00bbmiddle\u00a0\u00bb scene_position=\u00a0\u00bbcenter\u00a0\u00bb text_color=\u00a0\u00bbdark\u00a0\u00bb text_align=\u00a0\u00bbleft\u00a0\u00bb top_padding=\u00a0\u00bb40&Prime; bottom_padding=\u00a0\u00bb40&Prime; overlay_strength=\u00a0\u00bb0.3&Prime;][vc_column column_padding=\u00a0\u00bbno-extra-padding\u00a0\u00bb column_padding_position=\u00a0\u00bball\u00a0\u00bb background_color_opacity=\u00a0\u00bb1&Prime; background_hover_color_opacity=\u00a0\u00bb1&Prime; width=\u00a0\u00bb2\/3&Prime; tablet_text_alignment=\u00a0\u00bbdefault\u00a0\u00bb phone_text_alignment=\u00a0\u00bbdefault\u00a0\u00bb][vc_column_text]\n<h2>Bonjour, je m&rsquo;appelle Sarah Brooks<\/h2>\n<p>Je r\u00e9dige les scripts des vid\u00e9os pour AM Creative Inc. et j&rsquo;aide les clients \u00e0 construire et \u00e0 communiquer leurs\u00a0histoires de d\u00e9veloppement durable.<\/p>\n<p>Je poss\u00e8de un int\u00e9r\u00eat particulier pour la fa\u00e7on dont les r\u00e9cits peuvent aider les organisations \u00e0 d\u00e9finir et \u00e0 habiter leur r\u00f4le dans le\u00a0monde. Quand on parle de d\u00e9veloppement durable, seuls survivront\u00a0ceux qui vivront pleinement leurs meilleures histoires.<\/p>\n<p>Depuis plus de 15 ans, j&rsquo;accompagne\u00a0des\u00a0entreprises et des\u00a0organisations afin de les aider \u00e0 adresser les questions de d\u00e9veloppement durable complexes auxquelles elles font face. Je con\u00e7ois et j&rsquo;anime les processus de changement sur le long terme, je dirige le d\u00e9veloppement des strat\u00e9gies et j&rsquo;enseigne les m\u00e9thodes qui vous permettront de faire tout cela vous-m\u00eame. J&rsquo;ai travaill\u00e9 avec des organisations petites et grosses telles que\u00a0<a href=\"http:\/\/www.pwc.ca\/fr\/accueil\" target=\"_blank\">Pratt &amp; Whitney Canada<\/a>, <a href=\"http:\/\/www.sgs.com\" target=\"_blank\">SGS<\/a>, Rohm and Hass,\u00a0<a href=\"http:\/\/www.davidsuzuki.org\" target=\"_blank\">The David Suzuki Foundation<\/a>, SMART Technologies,\u00a0<a href=\"http:\/\/islengineering.com\" target=\"_blank\">ISL Engineering and Land Services<\/a>,\u00a0<a href=\"http:\/\/landmarkgroup.ca\" target=\"_blank\">The Landmark Group<\/a>\u00a0et de nombreuses autres.<\/p>\n<p>En travaillant avec des individus\u00a0dans 22 pays diff\u00e9rents, j&rsquo;ai d\u00e9couvert que, partout dans le monde, les bonnes histoires touchent les gens et peuvent les inciter \u00e0 changer. Pour cr\u00e9er un monde meilleur, nous avons besoin de nouvelles r\u00e9alit\u00e9s, et la cr\u00e9ation d&rsquo;une nouvelle r\u00e9alit\u00e9 commence avec une nouvelle histoire. Mon travail consiste \u00e0 vous aider \u00e0 d\u00e9couvrir, \u00e0 affiner et \u00e0 partager votre histoire, parce que le monde en a besoin.<\/p>\n<p>D\u00e9couvrez quelques uns\u00a0de mes scripts en vid\u00e9os ci-dessous :[\/vc_column_text][\/vc_column][vc_column column_padding=\u00a0\u00bbno-extra-padding\u00a0\u00bb column_padding_position=\u00a0\u00bball\u00a0\u00bb background_color_opacity=\u00a0\u00bb1&Prime; background_hover_color_opacity=\u00a0\u00bb1&Prime; width=\u00a0\u00bb1\/3&Prime; tablet_text_alignment=\u00a0\u00bbdefault\u00a0\u00bb phone_text_alignment=\u00a0\u00bbdefault\u00a0\u00bb][vc_column_text]\n<h2>Mes comp\u00e9tences en un coup d&rsquo;\u0153il<\/h2>\n[\/vc_column_text]\n\t\t<div class=\"nectar-progress-bar\">\n\t\t\t<p>D\u00e9veloppement durable<\/p>\n\t\t\t<div class=\"bar-wrap\"><span class=\"accent-color\" data-width=\"95\"> <strong><i>95<\/i>%<\/strong> <\/span><\/div>\n\t\t<\/div>\n\t\t<div class=\"nectar-progress-bar\">\n\t\t\t<p>R\u00e9daction &amp; r\u00e9cit<\/p>\n\t\t\t<div class=\"bar-wrap\"><span class=\"accent-color\" data-width=\"85\"> <strong><i>85<\/i>%<\/strong> <\/span><\/div>\n\t\t<\/div>\n\t\t<div class=\"nectar-progress-bar\">\n\t\t\t<p>Strat\u00e9gies de d\u00e9veloppement durable<\/p>\n\t\t\t<div class=\"bar-wrap\"><span class=\"accent-color\" data-width=\"90\"> <strong><i>90<\/i>%<\/strong> <\/span><\/div>\n\t\t<\/div>\n\t\t<div class=\"nectar-progress-bar\">\n\t\t\t<p>Processus de changement<\/p>\n\t\t\t<div class=\"bar-wrap\"><span class=\"accent-color\" data-width=\"80\"> <strong><i>80<\/i>%<\/strong> <\/span><\/div>\n\t\t<\/div>\n\t\t<div class=\"nectar-progress-bar\">\n\t\t\t<p>Engagement des parties prenantes<\/p>\n\t\t\t<div class=\"bar-wrap\"><span class=\"accent-color\" data-width=\"75\"> <strong><i>75<\/i>%<\/strong> <\/span><\/div>\n\t\t<\/div>\n\t\t<div class=\"nectar-progress-bar\">\n\t\t\t<p>Education &amp; formation<\/p>\n\t\t\t<div class=\"bar-wrap\"><span class=\"accent-color\" data-width=\"95\"> <strong><i>95<\/i>%<\/strong> <\/span><\/div>\n\t\t<\/div>\n\t\t<div class=\"nectar-progress-bar\">\n\t\t\t<p>Conception &amp; animation d'ateliers<\/p>\n\t\t\t<div class=\"bar-wrap\"><span class=\"accent-color\" data-width=\"95\"> <strong><i>95<\/i>%<\/strong> <\/span><\/div>\n\t\t<\/div>[\/vc_column][\/vc_row][vc_row type=\u00a0\u00bbin_container\u00a0\u00bb full_screen_row_position=\u00a0\u00bbmiddle\u00a0\u00bb scene_position=\u00a0\u00bbcenter\u00a0\u00bb text_color=\u00a0\u00bbdark\u00a0\u00bb text_align=\u00a0\u00bbleft\u00a0\u00bb overlay_strength=\u00a0\u00bb0.3&Prime;][vc_column column_padding=\u00a0\u00bbno-extra-padding\u00a0\u00bb column_padding_position=\u00a0\u00bball\u00a0\u00bb background_color_opacity=\u00a0\u00bb1&Prime; background_hover_color_opacity=\u00a0\u00bb1&Prime; width=\u00a0\u00bb1\/4&Prime; tablet_text_alignment=\u00a0\u00bbdefault\u00a0\u00bb phone_text_alignment=\u00a0\u00bbdefault\u00a0\u00bb][vc_video link=\u00a0\u00bbhttps:\/\/youtu.be\/YaZsuyfQ9yw\u00a0\u00bb align=\u00a0\u00bbcenter\u00a0\u00bb][\/vc_column][vc_column column_padding=\u00a0\u00bbno-extra-padding\u00a0\u00bb column_padding_position=\u00a0\u00bball\u00a0\u00bb background_color_opacity=\u00a0\u00bb1&Prime; background_hover_color_opacity=\u00a0\u00bb1&Prime; width=\u00a0\u00bb1\/4&Prime; tablet_text_alignment=\u00a0\u00bbdefault\u00a0\u00bb phone_text_alignment=\u00a0\u00bbdefault\u00a0\u00bb][vc_video link=\u00a0\u00bbhttps:\/\/youtu.be\/MbjbNyVbjHY\u00a0\u00bb align=\u00a0\u00bbcenter\u00a0\u00bb][\/vc_column][vc_column column_padding=\u00a0\u00bbno-extra-padding\u00a0\u00bb column_padding_position=\u00a0\u00bball\u00a0\u00bb background_color_opacity=\u00a0\u00bb1&Prime; background_hover_color_opacity=\u00a0\u00bb1&Prime; width=\u00a0\u00bb1\/4&Prime; tablet_text_alignment=\u00a0\u00bbdefault\u00a0\u00bb phone_text_alignment=\u00a0\u00bbdefault\u00a0\u00bb][vc_video link=\u00a0\u00bbhttps:\/\/youtu.be\/o6NWZUn8Nc4&Prime; align=\u00a0\u00bbcenter\u00a0\u00bb][\/vc_column][vc_column column_padding=\u00a0\u00bbno-extra-padding\u00a0\u00bb column_padding_position=\u00a0\u00bball\u00a0\u00bb background_color_opacity=\u00a0\u00bb1&Prime; background_hover_color_opacity=\u00a0\u00bb1&Prime; width=\u00a0\u00bb1\/4&Prime; tablet_text_alignment=\u00a0\u00bbdefault\u00a0\u00bb phone_text_alignment=\u00a0\u00bbdefault\u00a0\u00bb][vc_video link=\u00a0\u00bbhttps:\/\/youtu.be\/E-llitpRcoA\u00a0\u00bb align=\u00a0\u00bbcenter\u00a0\u00bb][\/vc_column][\/vc_row]\n","protected":false},"excerpt":{"rendered":"<p>[vc_row type=\u00a0\u00bbin_container\u00a0\u00bb full_screen_row_position=\u00a0\u00bbmiddle\u00a0\u00bb scene_position=\u00a0\u00bbcenter\u00a0\u00bb text_color=\u00a0\u00bbdark\u00a0\u00bb text_align=\u00a0\u00bbleft\u00a0\u00bb top_padding=\u00a0\u00bb40&Prime; bottom_padding=\u00a0\u00bb40&Prime; overlay_strength=\u00a0\u00bb0.3&Prime;][vc_column column_padding=\u00a0\u00bbno-extra-padding\u00a0\u00bb column_padding_position=\u00a0\u00bball\u00a0\u00bb background_color_opacity=\u00a0\u00bb1&Prime; background_hover_color_opacity=\u00a0\u00bb1&Prime; width=\u00a0\u00bb2\/3&Prime; tablet_text_alignment=\u00a0\u00bbdefault\u00a0\u00bb phone_text_alignment=\u00a0\u00bbdefault\u00a0\u00bb][vc_column_text] Bonjour, je m&rsquo;appelle Sarah Brooks Je r\u00e9dige les scripts des vid\u00e9os pour AM Creative&#8230;<\/p>\n","protected":false},"author":1,"featured_media":1636,"parent":0,"menu_order":0,"comment_status":"closed","ping_status":"closed","template":"","meta":{"footnotes":""},"class_list":["post-1633","page","type-page","status-publish","has-post-thumbnail"],"yoast_head":"<!-- This site is optimized with the Yoast SEO plugin v27.5 - https:\/\/yoast.com\/product\/yoast-seo-wordpress\/ -->\n<title>Sarah Brooks aide nos clients \u00e0 \u00e9crire et communiquer leur histoire durable<\/title>\n<meta name=\"description\" content=\"Sarah Brooks r\u00e9dige les scripts pour AM Creative Inc. et aide les clients \u00e0 construire et \u00e0 communiquer leurs histoires de d\u00e9veloppement durable.\" \/>\n<meta name=\"robots\" content=\"index, follow, max-snippet:-1, max-image-preview:large, max-video-preview:-1\" \/>\n<link rel=\"canonical\" href=\"https:\/\/www.alexandremagnin.com\/main\/fr\/sarah-brooks\/\" \/>\n<meta property=\"og:locale\" content=\"fr_FR\" \/>\n<meta property=\"og:type\" content=\"article\" \/>\n<meta property=\"og:title\" content=\"Sarah Brooks aide nos clients \u00e0 \u00e9crire et communiquer leur histoire durable\" \/>\n<meta property=\"og:description\" content=\"Sarah Brooks r\u00e9dige les scripts pour AM Creative Inc. et aide les clients \u00e0 construire et \u00e0 communiquer leurs histoires de d\u00e9veloppement durable.\" \/>\n<meta property=\"og:url\" content=\"https:\/\/www.alexandremagnin.com\/main\/fr\/sarah-brooks\/\" \/>\n<meta property=\"og:site_name\" content=\"am creative ! [fr]\" \/>\n<meta property=\"article:modified_time\" content=\"2016-09-07T18:11:58+00:00\" \/>\n<meta property=\"og:image\" content=\"https:\/\/www.alexandremagnin.com\/main\/fr\/wp-content\/uploads\/sites\/3\/2016\/09\/Sarah-Brooks-Script-Writer-2.jpg\" \/>\n\t<meta property=\"og:image:width\" content=\"2516\" \/>\n\t<meta property=\"og:image:height\" content=\"600\" \/>\n\t<meta property=\"og:image:type\" content=\"image\/jpeg\" \/>\n<meta name=\"twitter:label1\" content=\"Dur\u00e9e de lecture estim\u00e9e\" \/>\n\t<meta name=\"twitter:data1\" content=\"3 minutes\" \/>\n<script type=\"application\/ld+json\" class=\"yoast-schema-graph\">{\"@context\":\"https:\\\/\\\/schema.org\",\"@graph\":[{\"@type\":\"WebPage\",\"@id\":\"https:\\\/\\\/www.alexandremagnin.com\\\/main\\\/fr\\\/sarah-brooks\\\/\",\"url\":\"https:\\\/\\\/www.alexandremagnin.com\\\/main\\\/fr\\\/sarah-brooks\\\/\",\"name\":\"Sarah Brooks aide nos clients \u00e0 \u00e9crire et communiquer leur histoire durable\",\"isPartOf\":{\"@id\":\"https:\\\/\\\/www.alexandremagnin.com\\\/main\\\/fr\\\/#website\"},\"primaryImageOfPage\":{\"@id\":\"https:\\\/\\\/www.alexandremagnin.com\\\/main\\\/fr\\\/sarah-brooks\\\/#primaryimage\"},\"image\":{\"@id\":\"https:\\\/\\\/www.alexandremagnin.com\\\/main\\\/fr\\\/sarah-brooks\\\/#primaryimage\"},\"thumbnailUrl\":\"https:\\\/\\\/www.alexandremagnin.com\\\/main\\\/fr\\\/wp-content\\\/uploads\\\/sites\\\/3\\\/2016\\\/09\\\/Sarah-Brooks-Script-Writer-2.jpg\",\"datePublished\":\"2016-09-07T18:02:52+00:00\",\"dateModified\":\"2016-09-07T18:11:58+00:00\",\"description\":\"Sarah Brooks r\u00e9dige les scripts pour AM Creative Inc. et aide les clients \u00e0 construire et \u00e0 communiquer leurs histoires de d\u00e9veloppement durable.\",\"inLanguage\":\"fr-FR\",\"potentialAction\":[{\"@type\":\"ReadAction\",\"target\":[\"https:\\\/\\\/www.alexandremagnin.com\\\/main\\\/fr\\\/sarah-brooks\\\/\"]}]},{\"@type\":\"ImageObject\",\"inLanguage\":\"fr-FR\",\"@id\":\"https:\\\/\\\/www.alexandremagnin.com\\\/main\\\/fr\\\/sarah-brooks\\\/#primaryimage\",\"url\":\"https:\\\/\\\/www.alexandremagnin.com\\\/main\\\/fr\\\/wp-content\\\/uploads\\\/sites\\\/3\\\/2016\\\/09\\\/Sarah-Brooks-Script-Writer-2.jpg\",\"contentUrl\":\"https:\\\/\\\/www.alexandremagnin.com\\\/main\\\/fr\\\/wp-content\\\/uploads\\\/sites\\\/3\\\/2016\\\/09\\\/Sarah-Brooks-Script-Writer-2.jpg\",\"width\":2516,\"height\":600,\"caption\":\"Sarah-Brooks-R\u00e9daction-Script\"},{\"@type\":\"WebSite\",\"@id\":\"https:\\\/\\\/www.alexandremagnin.com\\\/main\\\/fr\\\/#website\",\"url\":\"https:\\\/\\\/www.alexandremagnin.com\\\/main\\\/fr\\\/\",\"name\":\"am creative ! [fr]\",\"description\":\"Alexandre Magnin: Illustrer un changement durable\",\"potentialAction\":[{\"@type\":\"SearchAction\",\"target\":{\"@type\":\"EntryPoint\",\"urlTemplate\":\"https:\\\/\\\/www.alexandremagnin.com\\\/main\\\/fr\\\/?s={search_term_string}\"},\"query-input\":{\"@type\":\"PropertyValueSpecification\",\"valueRequired\":true,\"valueName\":\"search_term_string\"}}],\"inLanguage\":\"fr-FR\"}]}<\/script>\n<!-- \/ Yoast SEO plugin. -->","yoast_head_json":{"title":"Sarah Brooks aide nos clients \u00e0 \u00e9crire et communiquer leur histoire durable","description":"Sarah Brooks r\u00e9dige les scripts pour AM Creative Inc. et aide les clients \u00e0 construire et \u00e0 communiquer leurs histoires de d\u00e9veloppement durable.","robots":{"index":"index","follow":"follow","max-snippet":"max-snippet:-1","max-image-preview":"max-image-preview:large","max-video-preview":"max-video-preview:-1"},"canonical":"https:\/\/www.alexandremagnin.com\/main\/fr\/sarah-brooks\/","og_locale":"fr_FR","og_type":"article","og_title":"Sarah Brooks aide nos clients \u00e0 \u00e9crire et communiquer leur histoire durable","og_description":"Sarah Brooks r\u00e9dige les scripts pour AM Creative Inc. et aide les clients \u00e0 construire et \u00e0 communiquer leurs histoires de d\u00e9veloppement durable.","og_url":"https:\/\/www.alexandremagnin.com\/main\/fr\/sarah-brooks\/","og_site_name":"am creative ! [fr]","article_modified_time":"2016-09-07T18:11:58+00:00","og_image":[{"width":2516,"height":600,"url":"https:\/\/www.alexandremagnin.com\/main\/fr\/wp-content\/uploads\/sites\/3\/2016\/09\/Sarah-Brooks-Script-Writer-2.jpg","type":"image\/jpeg"}],"twitter_misc":{"Dur\u00e9e de lecture estim\u00e9e":"3 minutes"},"schema":{"@context":"https:\/\/schema.org","@graph":[{"@type":"WebPage","@id":"https:\/\/www.alexandremagnin.com\/main\/fr\/sarah-brooks\/","url":"https:\/\/www.alexandremagnin.com\/main\/fr\/sarah-brooks\/","name":"Sarah Brooks aide nos clients \u00e0 \u00e9crire et communiquer leur histoire durable","isPartOf":{"@id":"https:\/\/www.alexandremagnin.com\/main\/fr\/#website"},"primaryImageOfPage":{"@id":"https:\/\/www.alexandremagnin.com\/main\/fr\/sarah-brooks\/#primaryimage"},"image":{"@id":"https:\/\/www.alexandremagnin.com\/main\/fr\/sarah-brooks\/#primaryimage"},"thumbnailUrl":"https:\/\/www.alexandremagnin.com\/main\/fr\/wp-content\/uploads\/sites\/3\/2016\/09\/Sarah-Brooks-Script-Writer-2.jpg","datePublished":"2016-09-07T18:02:52+00:00","dateModified":"2016-09-07T18:11:58+00:00","description":"Sarah Brooks r\u00e9dige les scripts pour AM Creative Inc. et aide les clients \u00e0 construire et \u00e0 communiquer leurs histoires de d\u00e9veloppement durable.","inLanguage":"fr-FR","potentialAction":[{"@type":"ReadAction","target":["https:\/\/www.alexandremagnin.com\/main\/fr\/sarah-brooks\/"]}]},{"@type":"ImageObject","inLanguage":"fr-FR","@id":"https:\/\/www.alexandremagnin.com\/main\/fr\/sarah-brooks\/#primaryimage","url":"https:\/\/www.alexandremagnin.com\/main\/fr\/wp-content\/uploads\/sites\/3\/2016\/09\/Sarah-Brooks-Script-Writer-2.jpg","contentUrl":"https:\/\/www.alexandremagnin.com\/main\/fr\/wp-content\/uploads\/sites\/3\/2016\/09\/Sarah-Brooks-Script-Writer-2.jpg","width":2516,"height":600,"caption":"Sarah-Brooks-R\u00e9daction-Script"},{"@type":"WebSite","@id":"https:\/\/www.alexandremagnin.com\/main\/fr\/#website","url":"https:\/\/www.alexandremagnin.com\/main\/fr\/","name":"am creative ! [fr]","description":"Alexandre Magnin: Illustrer un changement durable","potentialAction":[{"@type":"SearchAction","target":{"@type":"EntryPoint","urlTemplate":"https:\/\/www.alexandremagnin.com\/main\/fr\/?s={search_term_string}"},"query-input":{"@type":"PropertyValueSpecification","valueRequired":true,"valueName":"search_term_string"}}],"inLanguage":"fr-FR"}]}},"_links":{"self":[{"href":"https:\/\/www.alexandremagnin.com\/main\/fr\/wp-json\/wp\/v2\/pages\/1633","targetHints":{"allow":["GET"]}}],"collection":[{"href":"https:\/\/www.alexandremagnin.com\/main\/fr\/wp-json\/wp\/v2\/pages"}],"about":[{"href":"https:\/\/www.alexandremagnin.com\/main\/fr\/wp-json\/wp\/v2\/types\/page"}],"author":[{"embeddable":true,"href":"https:\/\/www.alexandremagnin.com\/main\/fr\/wp-json\/wp\/v2\/users\/1"}],"replies":[{"embeddable":true,"href":"https:\/\/www.alexandremagnin.com\/main\/fr\/wp-json\/wp\/v2\/comments?post=1633"}],"version-history":[{"count":0,"href":"https:\/\/www.alexandremagnin.com\/main\/fr\/wp-json\/wp\/v2\/pages\/1633\/revisions"}],"wp:featuredmedia":[{"embeddable":true,"href":"https:\/\/www.alexandremagnin.com\/main\/fr\/wp-json\/wp\/v2\/media\/1636"}],"wp:attachment":[{"href":"https:\/\/www.alexandremagnin.com\/main\/fr\/wp-json\/wp\/v2\/media?parent=1633"}],"curies":[{"name":"wp","href":"https:\/\/api.w.org\/{rel}","templated":true}]}}